{"id":1916,"date":"2025-11-24T15:22:07","date_gmt":"2025-11-24T14:22:07","guid":{"rendered":"https:\/\/learningforlifebali.com\/?post_type=product&#038;p=1916"},"modified":"2025-11-24T15:31:58","modified_gmt":"2025-11-24T14:31:58","slug":"champagne-maurice-lepitre-1er-cru-brut-rose-per-fles","status":"publish","type":"product","link":"https:\/\/learningforlifebali.com\/en\/product\/champagne-maurice-lepitre-1er-cru-brut-rose-per-fles\/","title":{"rendered":"Champagne Maurice Lepitre 1er Cru brut ros\u00e9 (per fles)"},"content":{"rendered":"<p>Maurice Lepitre 1er Cru brut ros\u00e9 is een verfijnde ros\u00e9champagne die de finesse van het Montagne de Reims-terroir prachtig weerspiegelt. Perfect in balans: fris en fruitig, maar met voldoende structuur dankzij het karakter van de Pinot Noir. Een elegante en karaktervolle champagne die charme, frisheid en klasse naadloos combineert.<\/p>\n","protected":false},"excerpt":{"rendered":"<p><strong>Jouw aankoop van deze wijn maakt dromen waar van kinderen, ouders en docenten. Daar zijn we allemaal heel blij mee. Dank !<\/strong><\/p>\n<p>Proef en steun het goede doel: Geniet van een heerlijk glas champagne en draag tegelijkertijd bij aan kinderen, ouders en docenten op Bali. Wij hebben een wisselende collectie wijnen, waarbij alle opbrengsten rechtstreeks naar het goede doel gaan. Dankzij de samenwerking met de hele keten, van importeur tot verkoop, kunnen we deze wijnen tegen een onge\u00ebvenaarde prijs aanbieden, waardoor je niet alleen geniet van een voortreffelijke wijn, maar ook een verschil maakt in de levens\u00a0van\u00a0anderen.<\/p>\n","protected":false},"featured_media":1917,"template":"","meta":{"_acf_changed":false},"product_brand":[],"product_cat":[39],"product_tag":[],"class_list":{"0":"post-1916","1":"product","2":"type-product","3":"status-publish","4":"has-post-thumbnail","6":"product_cat-wijn","7":"product_shipping_class-wijn","9":"first","10":"instock","11":"purchasable","12":"product-type-simple"},"acf":[],"yoast_head":"<!-- This site is optimized with the Yoast SEO plugin v26.4 - https:\/\/yoast.com\/wordpress\/plugins\/seo\/ -->\n<title>Champagne Maurice Lepitre 1er Cru brut ros\u00e9 (per fles) - Learning For Life Bali<\/title>\n<meta name=\"robots\" content=\"noindex, follow, max-snippet:-1, max-image-preview:large, max-video-preview:-1\" \/>\n<meta property=\"og:locale\" content=\"en_US\" \/>\n<meta property=\"og:type\" content=\"article\" \/>\n<meta property=\"og:title\" content=\"Champagne Maurice Lepitre 1er Cru brut ros\u00e9 (per fles) - Learning For Life Bali\" \/>\n<meta property=\"og:description\" content=\"Jouw aankoop van deze wijn maakt dromen waar van kinderen, ouders en docenten. Daar zijn we allemaal heel blij mee. Dank !  Proef en steun het goede doel: Geniet van een heerlijk glas champagne en draag tegelijkertijd bij aan kinderen, ouders en docenten op Bali. Wij hebben een wisselende collectie wijnen, waarbij alle opbrengsten rechtstreeks naar het goede doel gaan. Dankzij de samenwerking met de hele keten, van importeur tot verkoop, kunnen we deze wijnen tegen een onge\u00ebvenaarde prijs aanbieden, waardoor je niet alleen geniet van een voortreffelijke wijn, maar ook een verschil maakt in de levens\u00a0van\u00a0anderen.\" \/>\n<meta property=\"og:url\" content=\"https:\/\/learningforlifebali.com\/product\/champagne-maurice-lepitre-1er-cru-brut-rose-per-fles\/\" \/>\n<meta property=\"og:site_name\" content=\"Learning For Life Bali\" \/>\n<meta property=\"article:modified_time\" content=\"2025-11-24T14:31:58+00:00\" \/>\n<meta property=\"og:image\" content=\"https:\/\/learningforlifebali.com\/\/app\/uploads\/2025\/11\/rose.jpg\" \/>\n\t<meta property=\"og:image:width\" content=\"1000\" \/>\n\t<meta property=\"og:image:height\" content=\"1000\" \/>\n\t<meta property=\"og:image:type\" content=\"image\/jpeg\" \/>\n<meta name=\"twitter:card\" content=\"summary_large_image\" \/>\n<meta name=\"twitter:label1\" content=\"Est. reading time\" \/>\n\t<meta name=\"twitter:data1\" content=\"1 minute\" \/>\n<script type=\"application\/ld+json\" class=\"yoast-schema-graph\">{\"@context\":\"https:\/\/schema.org\",\"@graph\":[{\"@type\":\"WebPage\",\"@id\":\"https:\/\/learningforlifebali.com\/product\/champagne-maurice-lepitre-1er-cru-brut-rose-per-fles\/\",\"url\":\"https:\/\/learningforlifebali.com\/product\/champagne-maurice-lepitre-1er-cru-brut-rose-per-fles\/\",\"name\":\"Champagne Maurice Lepitre 1er Cru brut ros\u00e9 (per fles) - Learning For Life Bali\",\"isPartOf\":{\"@id\":\"https:\/\/learningforlifebali.com\/#website\"},\"primaryImageOfPage\":{\"@id\":\"https:\/\/learningforlifebali.com\/product\/champagne-maurice-lepitre-1er-cru-brut-rose-per-fles\/#primaryimage\"},\"image\":{\"@id\":\"https:\/\/learningforlifebali.com\/product\/champagne-maurice-lepitre-1er-cru-brut-rose-per-fles\/#primaryimage\"},\"thumbnailUrl\":\"https:\/\/learningforlifebali.com\/\/app\/uploads\/2025\/11\/rose.jpg\",\"datePublished\":\"2025-11-24T14:22:07+00:00\",\"dateModified\":\"2025-11-24T14:31:58+00:00\",\"breadcrumb\":{\"@id\":\"https:\/\/learningforlifebali.com\/product\/champagne-maurice-lepitre-1er-cru-brut-rose-per-fles\/#breadcrumb\"},\"inLanguage\":\"en-US\",\"potentialAction\":[{\"@type\":\"ReadAction\",\"target\":[\"https:\/\/learningforlifebali.com\/product\/champagne-maurice-lepitre-1er-cru-brut-rose-per-fles\/\"]}]},{\"@type\":\"ImageObject\",\"inLanguage\":\"en-US\",\"@id\":\"https:\/\/learningforlifebali.com\/product\/champagne-maurice-lepitre-1er-cru-brut-rose-per-fles\/#primaryimage\",\"url\":\"https:\/\/learningforlifebali.com\/\/app\/uploads\/2025\/11\/rose.jpg\",\"contentUrl\":\"https:\/\/learningforlifebali.com\/\/app\/uploads\/2025\/11\/rose.jpg\",\"width\":1000,\"height\":1000},{\"@type\":\"BreadcrumbList\",\"@id\":\"https:\/\/learningforlifebali.com\/product\/champagne-maurice-lepitre-1er-cru-brut-rose-per-fles\/#breadcrumb\",\"itemListElement\":[{\"@type\":\"ListItem\",\"position\":1,\"name\":\"Home\",\"item\":\"https:\/\/learningforlifebali.com\/en\/\"},{\"@type\":\"ListItem\",\"position\":2,\"name\":\"Shop\",\"item\":\"https:\/\/learningforlifebali.com\/en\/shop\/\"},{\"@type\":\"ListItem\",\"position\":3,\"name\":\"Champagne Maurice Lepitre 1er Cru brut ros\u00e9 (per fles)\"}]},{\"@type\":\"WebSite\",\"@id\":\"https:\/\/learningforlifebali.com\/#website\",\"url\":\"https:\/\/learningforlifebali.com\/\",\"name\":\"Learning For Life Bali\",\"description\":\"\",\"potentialAction\":[{\"@type\":\"SearchAction\",\"target\":{\"@type\":\"EntryPoint\",\"urlTemplate\":\"https:\/\/learningforlifebali.com\/?s={search_term_string}\"},\"query-input\":{\"@type\":\"PropertyValueSpecification\",\"valueRequired\":true,\"valueName\":\"search_term_string\"}}],\"inLanguage\":\"en-US\"}]}<\/script>\n<!-- \/ Yoast SEO plugin. -->","yoast_head_json":{"title":"Champagne Maurice Lepitre 1er Cru brut ros\u00e9 (per fles) - Learning For Life Bali","robots":{"index":"noindex","follow":"follow","max-snippet":"max-snippet:-1","max-image-preview":"max-image-preview:large","max-video-preview":"max-video-preview:-1"},"og_locale":"en_US","og_type":"article","og_title":"Champagne Maurice Lepitre 1er Cru brut ros\u00e9 (per fles) - Learning For Life Bali","og_description":"Jouw aankoop van deze wijn maakt dromen waar van kinderen, ouders en docenten. Daar zijn we allemaal heel blij mee. Dank !  Proef en steun het goede doel: Geniet van een heerlijk glas champagne en draag tegelijkertijd bij aan kinderen, ouders en docenten op Bali. Wij hebben een wisselende collectie wijnen, waarbij alle opbrengsten rechtstreeks naar het goede doel gaan. Dankzij de samenwerking met de hele keten, van importeur tot verkoop, kunnen we deze wijnen tegen een onge\u00ebvenaarde prijs aanbieden, waardoor je niet alleen geniet van een voortreffelijke wijn, maar ook een verschil maakt in de levens\u00a0van\u00a0anderen.","og_url":"https:\/\/learningforlifebali.com\/product\/champagne-maurice-lepitre-1er-cru-brut-rose-per-fles\/","og_site_name":"Learning For Life Bali","article_modified_time":"2025-11-24T14:31:58+00:00","og_image":[{"width":1000,"height":1000,"url":"https:\/\/learningforlifebali.com\/\/app\/uploads\/2025\/11\/rose.jpg","type":"image\/jpeg"}],"twitter_card":"summary_large_image","twitter_misc":{"Est. reading time":"1 minute"},"schema":{"@context":"https:\/\/schema.org","@graph":[{"@type":"WebPage","@id":"https:\/\/learningforlifebali.com\/product\/champagne-maurice-lepitre-1er-cru-brut-rose-per-fles\/","url":"https:\/\/learningforlifebali.com\/product\/champagne-maurice-lepitre-1er-cru-brut-rose-per-fles\/","name":"Champagne Maurice Lepitre 1er Cru brut ros\u00e9 (per fles) - Learning For Life Bali","isPartOf":{"@id":"https:\/\/learningforlifebali.com\/#website"},"primaryImageOfPage":{"@id":"https:\/\/learningforlifebali.com\/product\/champagne-maurice-lepitre-1er-cru-brut-rose-per-fles\/#primaryimage"},"image":{"@id":"https:\/\/learningforlifebali.com\/product\/champagne-maurice-lepitre-1er-cru-brut-rose-per-fles\/#primaryimage"},"thumbnailUrl":"https:\/\/learningforlifebali.com\/\/app\/uploads\/2025\/11\/rose.jpg","datePublished":"2025-11-24T14:22:07+00:00","dateModified":"2025-11-24T14:31:58+00:00","breadcrumb":{"@id":"https:\/\/learningforlifebali.com\/product\/champagne-maurice-lepitre-1er-cru-brut-rose-per-fles\/#breadcrumb"},"inLanguage":"en-US","potentialAction":[{"@type":"ReadAction","target":["https:\/\/learningforlifebali.com\/product\/champagne-maurice-lepitre-1er-cru-brut-rose-per-fles\/"]}]},{"@type":"ImageObject","inLanguage":"en-US","@id":"https:\/\/learningforlifebali.com\/product\/champagne-maurice-lepitre-1er-cru-brut-rose-per-fles\/#primaryimage","url":"https:\/\/learningforlifebali.com\/\/app\/uploads\/2025\/11\/rose.jpg","contentUrl":"https:\/\/learningforlifebali.com\/\/app\/uploads\/2025\/11\/rose.jpg","width":1000,"height":1000},{"@type":"BreadcrumbList","@id":"https:\/\/learningforlifebali.com\/product\/champagne-maurice-lepitre-1er-cru-brut-rose-per-fles\/#breadcrumb","itemListElement":[{"@type":"ListItem","position":1,"name":"Home","item":"https:\/\/learningforlifebali.com\/en\/"},{"@type":"ListItem","position":2,"name":"Shop","item":"https:\/\/learningforlifebali.com\/en\/shop\/"},{"@type":"ListItem","position":3,"name":"Champagne Maurice Lepitre 1er Cru brut ros\u00e9 (per fles)"}]},{"@type":"WebSite","@id":"https:\/\/learningforlifebali.com\/#website","url":"https:\/\/learningforlifebali.com\/","name":"Learning For Life Bali","description":"","potentialAction":[{"@type":"SearchAction","target":{"@type":"EntryPoint","urlTemplate":"https:\/\/learningforlifebali.com\/?s={search_term_string}"},"query-input":{"@type":"PropertyValueSpecification","valueRequired":true,"valueName":"search_term_string"}}],"inLanguage":"en-US"}]}},"_links":{"self":[{"href":"https:\/\/learningforlifebali.com\/en\/wp-json\/wp\/v2\/product\/1916","targetHints":{"allow":["GET"]}}],"collection":[{"href":"https:\/\/learningforlifebali.com\/en\/wp-json\/wp\/v2\/product"}],"about":[{"href":"https:\/\/learningforlifebali.com\/en\/wp-json\/wp\/v2\/types\/product"}],"wp:featuredmedia":[{"embeddable":true,"href":"https:\/\/learningforlifebali.com\/en\/wp-json\/wp\/v2\/media\/1917"}],"wp:attachment":[{"href":"https:\/\/learningforlifebali.com\/en\/wp-json\/wp\/v2\/media?parent=1916"}],"wp:term":[{"taxonomy":"product_brand","embeddable":true,"href":"https:\/\/learningforlifebali.com\/en\/wp-json\/wp\/v2\/product_brand?post=1916"},{"taxonomy":"product_cat","embeddable":true,"href":"https:\/\/learningforlifebali.com\/en\/wp-json\/wp\/v2\/product_cat?post=1916"},{"taxonomy":"product_tag","embeddable":true,"href":"https:\/\/learningforlifebali.com\/en\/wp-json\/wp\/v2\/product_tag?post=1916"}],"curies":[{"name":"wp","href":"https:\/\/api.w.org\/{rel}","templated":true}]}}